{"id":12,"date":"2024-09-16T16:00:05","date_gmt":"2024-09-16T14:00:05","guid":{"rendered":"https:\/\/staging.tv2000.it\/quelchebolleinpentola\/?page_id=12"},"modified":"2024-09-19T15:50:49","modified_gmt":"2024-09-19T13:50:49","slug":"il-programma","status":"publish","type":"page","link":"https:\/\/staging.tv2000.it\/quelchebolleinpentola\/il-programma\/","title":{"rendered":"Il programma"},"content":{"rendered":"<p>&nbsp;<\/p>\n<p><img decoding=\"async\" class=\"aligncenter size-large wp-image-19\" src=\"https:\/\/staging.tv2000.it\/quelchebolleinpentola\/wp-content\/uploads\/sites\/79\/2024\/09\/quellochebolleinpentola014-1024x683.jpg\" alt=\"\" width=\"640\" height=\"427\" srcset=\"https:\/\/staging.tv2000.it\/quelchebolleinpentola\/wp-content\/uploads\/sites\/79\/2024\/09\/quellochebolleinpentola014-1024x683.jpg 1024w, https:\/\/staging.tv2000.it\/quelchebolleinpentola\/wp-content\/uploads\/sites\/79\/2024\/09\/quellochebolleinpentola014-300x200.jpg 300w, https:\/\/staging.tv2000.it\/quelchebolleinpentola\/wp-content\/uploads\/sites\/79\/2024\/09\/quellochebolleinpentola014-768x512.jpg 768w, https:\/\/staging.tv2000.it\/quelchebolleinpentola\/wp-content\/uploads\/sites\/79\/2024\/09\/quellochebolleinpentola014-1536x1024.jpg 1536w, https:\/\/staging.tv2000.it\/quelchebolleinpentola\/wp-content\/uploads\/sites\/79\/2024\/09\/quellochebolleinpentola014-2048x1365.jpg 2048w, https:\/\/staging.tv2000.it\/quelchebolleinpentola\/wp-content\/uploads\/sites\/79\/2024\/09\/quellochebolleinpentola014-41x27.jpg 41w, https:\/\/staging.tv2000.it\/quelchebolleinpentola\/wp-content\/uploads\/sites\/79\/2024\/09\/quellochebolleinpentola014-280x187.jpg 280w, https:\/\/staging.tv2000.it\/quelchebolleinpentola\/wp-content\/uploads\/sites\/79\/2024\/09\/quellochebolleinpentola014-650x433.jpg 650w\" sizes=\"(max-width: 640px) 100vw, 640px\" \/><\/p>\n<p>\u2018Quel che bolle in pentola\u2019 \u00e8 il nuovo programma di cucina di Tv2000, condotto da <strong>Beatrice Fazi<\/strong> con la partecipazione del cuoco <strong><em>Fabio Cinelli<\/em><\/strong>. Non \u00e8 una gara o una lezione ma un momento di condivisione e convivialit\u00e0. In ogni puntata vengono realizzate le ricette della tradizione culinaria italiana \u201ccondite\u201d dalle storie dell\u2019ospite in studio.<\/p>\n<p>Un lungo bancone con fornelli, lavabo e due zone per la preparazione dei piatti. Persone comuni, talvolta personaggi noti che si impegnano a cucinare le loro specialit\u00e0 o i loro men\u00f9 regionali<br \/>\nricevendo in fase di elaborazione dei piatti, anche consigli e supporto dai conduttori. Gli interventi degli ospiti vengono valorizzati dall\u2019eventuale presenza di un familiare o di un amico e<br \/>\ncompletati da clip e materiale fotografico.<\/p>\n<p>E poi c\u2019\u00e8 il <strong>tavolo degli assaggiatori<\/strong>: Sonia, una vivace signora palermitana che ama l\u2019olio d\u2019oliva e i sapori forti, e suo marito Luigi un bresciano doc, che preferirebbe addirittura friggere con il<br \/>\nburro. La coppia dopo aver seguito l\u2019elaborazione delle ricette e gustato i piatti, dar\u00e0 i propri consigli e pareri finali.<\/p>\n<p>Due le <strong>rubriche<\/strong> che si alternano durante le puntate: \u2018<em>Adesso tocca a te<\/em>\u2019 in cui viene chiesto agli spettatori di realizzare brevi video con il cellulare in cui preparano i loro piatti preferiti. E poi<br \/>\n\u2018<em>Ricette personali<\/em>\u2019 in cui vengono cucinate in studio le ricette inviate dai telespettatori. Lo studio \u00e8 inoltre aperto al mondo esterno. In ogni puntata collegamenti con monasteri e conventi in cui vengono realizzate brevi e semplici ricette e illustrato il luogo con i suoi prodotti d\u2019eccellenza. Spazio anche alle cucine di ristoranti e cuochi alle prese con i loro cavalli di battaglia e alle fattorie a conduzione famigliare.<\/p>\n<p>&nbsp;<\/p>\n","protected":false},"excerpt":{"rendered":"&nbsp; \u2018Quel che bolle in pentola\u2019 \u00e8 il nuovo programma di cucina di Tv2000, condotto da Beatrice Fazi con la partecipazione del cuoco Fabio Cinelli. Non \u00e8 una gara o una lezione ma un momento di condivisione e convivialit\u00e0. In ogni puntata vengono realizzate le ricette della tradizione culinaria italiana \u201ccondite\u201d dalle storie dell\u2019ospite in [&hellip;]","protected":false},"author":6,"featured_media":0,"parent":0,"menu_order":0,"comment_status":"closed","ping_status":"closed","template":"","meta":{"_acf_changed":false,"footnotes":""},"class_list":["post-12","page","type-page","status-publish","hentry"],"acf":[],"aioseo_notices":[],"_links":{"self":[{"href":"https:\/\/staging.tv2000.it\/quelchebolleinpentola\/wp-json\/wp\/v2\/pages\/12","targetHints":{"allow":["GET"]}}],"collection":[{"href":"https:\/\/staging.tv2000.it\/quelchebolleinpentola\/wp-json\/wp\/v2\/pages"}],"about":[{"href":"https:\/\/staging.tv2000.it\/quelchebolleinpentola\/wp-json\/wp\/v2\/types\/page"}],"author":[{"embeddable":true,"href":"https:\/\/staging.tv2000.it\/quelchebolleinpentola\/wp-json\/wp\/v2\/users\/6"}],"replies":[{"embeddable":true,"href":"https:\/\/staging.tv2000.it\/quelchebolleinpentola\/wp-json\/wp\/v2\/comments?post=12"}],"version-history":[{"count":4,"href":"https:\/\/staging.tv2000.it\/quelchebolleinpentola\/wp-json\/wp\/v2\/pages\/12\/revisions"}],"predecessor-version":[{"id":30,"href":"https:\/\/staging.tv2000.it\/quelchebolleinpentola\/wp-json\/wp\/v2\/pages\/12\/revisions\/30"}],"wp:attachment":[{"href":"https:\/\/staging.tv2000.it\/quelchebolleinpentola\/wp-json\/wp\/v2\/media?parent=12"}],"curies":[{"name":"wp","href":"https:\/\/api.w.org\/{rel}","templated":true}]}}