{"id":8,"date":"2022-09-22T12:59:17","date_gmt":"2022-09-22T10:59:17","guid":{"rendered":"https:\/\/staging.tv2000.it\/paniepesci\/?page_id=8"},"modified":"2024-10-21T12:23:07","modified_gmt":"2024-10-21T10:23:07","slug":"programma","status":"publish","type":"page","link":"https:\/\/staging.tv2000.it\/paniepesci\/programma\/","title":{"rendered":"Programma"},"content":{"rendered":"<p><strong>L\u2019economia del Vangelo<\/strong><\/p>\n<p>Sei puntate in onda il sabato alle ore 15.15. Il programma \u00e8 condotto da Eugenia Scotti e guidato dalle riflessioni bibliche del professor Luigino Bruni, economista della Lumsa di Roma e co-fondatore della Scuola di Economia Civile. Ogni puntata prende spunto da una delle pagine pi\u00f9 conosciute delle Sacre Scritture, lette quest\u2019anno dall\u2019attore Enzo Decaro nella cornice della Basilica papale di San Paolo fuori le mura.<\/p>\n<p>Tra i temi: il declino delle imprese familiari italiane, l\u2019economia che ruota intorno alla ricerca della bellezza, la denatalit\u00e0 e la tenuta del sistema pensionistico, gli affari e i guadagni generati dalle guerre.<\/p>\n<p>La parabola del figliol prodigo, la strage degli innocenti, il ballo di Salom\u00e8 e l\u2019uccisione di Giovanni il Battista e tutti gli altri passi scelti dall\u2019Antico e dal Nuovo Testamento si rivelano cos\u00ec, inaspettatamente, brani capaci di parlare al presente e del presente, occasioni per dialogare con gli ospiti in studio sul rapporto tra manager e lavoratori, cambiamento climatico e costi sociali, maternit\u00e0 e lavoro femminile, banche e spese militari.<\/p>\n<p>Sei puntate per analizzare le questioni pi\u00f9 delicate del rapporto tra soldi, potere e giustizia e per scoprire che un\u2019altra economia \u00e8 possibile ed \u00e8 gi\u00e0 realizzata da chi non dimentica di fare impresa mettendo al centro i diritti e il bene comune.<\/p>\n<p>&nbsp;<\/p>\n<p>Di Dario Quarta e Luigino Bruni, con Elena Di Dio e Eugenia Scotti<\/p>\n<p>Il programma \u00e8 realizzato in collaborazione con la Scuola di Economia Civile<\/p>\n<p>Con Luigino Bruni e la partecipazione di Enzo Decaro<\/p>\n<p>Conduce Eugenia Scotti<\/p>\n<p>Regia Alessandro Tresa<\/p>\n<p>&nbsp;<\/p>\n","protected":false},"excerpt":{"rendered":"L\u2019economia del Vangelo Sei puntate in onda il sabato alle ore 15.15. Il programma \u00e8 condotto da Eugenia Scotti e guidato dalle riflessioni bibliche del professor Luigino Bruni, economista della Lumsa di Roma e co-fondatore della Scuola di Economia Civile. Ogni puntata prende spunto da una delle pagine pi\u00f9 conosciute delle Sacre Scritture, lette quest\u2019anno [&hellip;]","protected":false},"author":9,"featured_media":0,"parent":0,"menu_order":0,"comment_status":"closed","ping_status":"closed","template":"","meta":{"_acf_changed":false,"footnotes":""},"class_list":["post-8","page","type-page","status-publish","hentry"],"acf":[],"aioseo_notices":[],"_links":{"self":[{"href":"https:\/\/staging.tv2000.it\/paniepesci\/wp-json\/wp\/v2\/pages\/8","targetHints":{"allow":["GET"]}}],"collection":[{"href":"https:\/\/staging.tv2000.it\/paniepesci\/wp-json\/wp\/v2\/pages"}],"about":[{"href":"https:\/\/staging.tv2000.it\/paniepesci\/wp-json\/wp\/v2\/types\/page"}],"author":[{"embeddable":true,"href":"https:\/\/staging.tv2000.it\/paniepesci\/wp-json\/wp\/v2\/users\/9"}],"replies":[{"embeddable":true,"href":"https:\/\/staging.tv2000.it\/paniepesci\/wp-json\/wp\/v2\/comments?post=8"}],"version-history":[{"count":5,"href":"https:\/\/staging.tv2000.it\/paniepesci\/wp-json\/wp\/v2\/pages\/8\/revisions"}],"predecessor-version":[{"id":1586,"href":"https:\/\/staging.tv2000.it\/paniepesci\/wp-json\/wp\/v2\/pages\/8\/revisions\/1586"}],"wp:attachment":[{"href":"https:\/\/staging.tv2000.it\/paniepesci\/wp-json\/wp\/v2\/media?parent=8"}],"curies":[{"name":"wp","href":"https:\/\/api.w.org\/{rel}","templated":true}]}}