{"id":10,"date":"2018-10-02T16:03:07","date_gmt":"2018-10-02T14:03:07","guid":{"rendered":"http:\/\/staging.tv2000.it\/orasolare\/?page_id=10"},"modified":"2025-04-16T14:15:00","modified_gmt":"2025-04-16T12:15:00","slug":"il-programma","status":"publish","type":"page","link":"https:\/\/staging.tv2000.it\/orasolare\/il-programma\/","title":{"rendered":"Il programma"},"content":{"rendered":"<p style=\"text-align: justify;\"><img decoding=\"async\" class=\" wp-image-80668 aligncenter\" src=\"https:\/\/staging.tv2000.it\/orasolare\/wp-content\/uploads\/sites\/57\/2024\/09\/LOra-solare-Paola-Saluzzi-15-1024x682.jpg\" alt=\"\" width=\"654\" height=\"435\" srcset=\"https:\/\/staging.tv2000.it\/orasolare\/wp-content\/uploads\/sites\/57\/2024\/09\/LOra-solare-Paola-Saluzzi-15-1024x682.jpg 1024w, https:\/\/staging.tv2000.it\/orasolare\/wp-content\/uploads\/sites\/57\/2024\/09\/LOra-solare-Paola-Saluzzi-15-300x200.jpg 300w, https:\/\/staging.tv2000.it\/orasolare\/wp-content\/uploads\/sites\/57\/2024\/09\/LOra-solare-Paola-Saluzzi-15-768x512.jpg 768w, https:\/\/staging.tv2000.it\/orasolare\/wp-content\/uploads\/sites\/57\/2024\/09\/LOra-solare-Paola-Saluzzi-15-1536x1024.jpg 1536w, https:\/\/staging.tv2000.it\/orasolare\/wp-content\/uploads\/sites\/57\/2024\/09\/LOra-solare-Paola-Saluzzi-15-2048x1365.jpg 2048w, https:\/\/staging.tv2000.it\/orasolare\/wp-content\/uploads\/sites\/57\/2024\/09\/LOra-solare-Paola-Saluzzi-15-41x27.jpg 41w, https:\/\/staging.tv2000.it\/orasolare\/wp-content\/uploads\/sites\/57\/2024\/09\/LOra-solare-Paola-Saluzzi-15-280x187.jpg 280w, https:\/\/staging.tv2000.it\/orasolare\/wp-content\/uploads\/sites\/57\/2024\/09\/LOra-solare-Paola-Saluzzi-15-650x433.jpg 650w\" sizes=\"(max-width: 654px) 100vw, 654px\" \/><\/p>\n<p>Ristrutturato e ampliato il salotto di L\u2019Ora Solare, il talk condotto da Paola Saluzzi, dal luned\u00ec al venerd\u00ec alle 12.20. Non pi\u00f9 solo un luogo di incontro e di parola ma sempre di pi\u00f9 un luogo di festa, di musica, di spettacolo.<\/p>\n<p style=\"text-align: justify;\">Anche se fuori piove, nel salotto di Paola Saluzzi il sole non manca mai. Ci sono racconti, storie, esperienze che rivelano la presenza di un raggio di luce anche nei momenti pi\u00f9 difficili della vita. Ci sono personaggi famosi e persone comuni che hanno saputo coltivare la speranza anche quando le nuvole si facevano minacciose e hanno trasformato in opportunit\u00e0 le crisi inattese. Sono loro i protagonisti de \u201cL\u2019Ora Solare\u201d, narratori di storie intense che parlano di amore, di famiglia, di lavoro, di amicizia, di solidariet\u00e0. Le loro interviste si snodano lungo percorsi originali che attraversano i ricordi e fanno rivivere le persone amate, i luoghi di famiglia, le fotografie conservate, le canzoni mai dimenticate. Tra un incontro e un altro, il programma offre ogni giorno i racconti dei suoi giovani filmaker: per scoprire l\u2019Italia della creativit\u00e0, dei mestieri, delle passioni tramandate di generazione in generazione. E poi, una volta al mese, cambio di scenario: sar\u00e0 Paola Saluzzi ad entrare nel salotto di alcuni protagonisti del mondo dello spettacolo, dell\u2019arte, della cultura e dello sport che hanno deciso di aprirci le loro case.<\/p>\n<p>In onda, dal luned\u00ec al venerd\u00ec, dalle ore 12.20<\/p>\n<p>Di Dario Quarta e Paola Saluzzi<br \/>\ne di Sara Cacioppo, Eugenia Scotti ed Alessandra Severini<\/p>\n<p>Conduce Paola Saluzzi<\/p>\n<p>&nbsp;<\/p>\n<p>&nbsp;<\/p>\n","protected":false},"excerpt":{"rendered":"Ristrutturato e ampliato il salotto di L\u2019Ora Solare, il talk condotto da Paola Saluzzi, dal luned\u00ec al venerd\u00ec alle 12.20. Non pi\u00f9 solo un luogo di incontro e di parola ma sempre di pi\u00f9 un luogo di festa, di musica, di spettacolo. Anche se fuori piove, nel salotto di Paola Saluzzi il sole non manca [&hellip;]","protected":false},"author":6,"featured_media":0,"parent":0,"menu_order":0,"comment_status":"closed","ping_status":"closed","template":"","meta":{"_acf_changed":false,"footnotes":""},"class_list":["post-10","page","type-page","status-publish","hentry"],"acf":[],"aioseo_notices":[],"_links":{"self":[{"href":"https:\/\/staging.tv2000.it\/orasolare\/wp-json\/wp\/v2\/pages\/10","targetHints":{"allow":["GET"]}}],"collection":[{"href":"https:\/\/staging.tv2000.it\/orasolare\/wp-json\/wp\/v2\/pages"}],"about":[{"href":"https:\/\/staging.tv2000.it\/orasolare\/wp-json\/wp\/v2\/types\/page"}],"author":[{"embeddable":true,"href":"https:\/\/staging.tv2000.it\/orasolare\/wp-json\/wp\/v2\/users\/6"}],"replies":[{"embeddable":true,"href":"https:\/\/staging.tv2000.it\/orasolare\/wp-json\/wp\/v2\/comments?post=10"}],"version-history":[{"count":14,"href":"https:\/\/staging.tv2000.it\/orasolare\/wp-json\/wp\/v2\/pages\/10\/revisions"}],"predecessor-version":[{"id":115979,"href":"https:\/\/staging.tv2000.it\/orasolare\/wp-json\/wp\/v2\/pages\/10\/revisions\/115979"}],"wp:attachment":[{"href":"https:\/\/staging.tv2000.it\/orasolare\/wp-json\/wp\/v2\/media?parent=10"}],"curies":[{"name":"wp","href":"https:\/\/api.w.org\/{rel}","templated":true}]}}