{"id":29,"date":"2016-01-28T15:19:12","date_gmt":"2016-01-28T14:19:12","guid":{"rendered":"http:\/\/staging.tv2000.it\/docfilm\/?page_id=29"},"modified":"2024-09-24T19:08:00","modified_gmt":"2024-09-24T17:08:00","slug":"chi-siamo","status":"publish","type":"page","link":"https:\/\/staging.tv2000.it\/docfilm\/chi-siamo\/","title":{"rendered":"Chi siamo"},"content":{"rendered":"<p>Ci mettiamo passione, impegno e fantasia. \u00c8 cos\u00ec che scegliamo le storie da raccontarvi attraverso i film, i documentari e le serie tv che quotidianamente vi accompagnano su Tv2000. Siamo sempre alla ricerca del prodotto pi\u00f9 giusto che possa farvi riflettere, ma anche divertirvi o commuovervi. Con questo scopo ci teniamo in contatto con i distributori di tutto il mondo, dai pi\u00f9 piccoli ai pi\u00f9 grandi, per vagliare proposte, selezionare titoli e acquisire materiali. Tutto questo perch\u00e9 la nostra offerta&nbsp; sia sempre pi\u00f9 ricca. Tv2000, le storie che non ti aspetti.<\/p>\n","protected":false},"excerpt":{"rendered":"Ci mettiamo passione, impegno e fantasia. \u00c8 cos\u00ec che scegliamo le storie da raccontarvi attraverso i film, i documentari e le serie tv che quotidianamente vi accompagnano su Tv2000. Siamo sempre alla ricerca del prodotto pi\u00f9 giusto che possa farvi riflettere, ma anche divertirvi o commuovervi. Con questo scopo ci teniamo in contatto con i [&hellip;]","protected":false},"author":10,"featured_media":0,"parent":0,"menu_order":0,"comment_status":"open","ping_status":"open","template":"","meta":[],"acf":[],"aioseo_notices":[],"_links":{"self":[{"href":"https:\/\/staging.tv2000.it\/docfilm\/wp-json\/wp\/v2\/pages\/29"}],"collection":[{"href":"https:\/\/staging.tv2000.it\/docfilm\/wp-json\/wp\/v2\/pages"}],"about":[{"href":"https:\/\/staging.tv2000.it\/docfilm\/wp-json\/wp\/v2\/types\/page"}],"author":[{"embeddable":true,"href":"https:\/\/staging.tv2000.it\/docfilm\/wp-json\/wp\/v2\/users\/10"}],"replies":[{"embeddable":true,"href":"https:\/\/staging.tv2000.it\/docfilm\/wp-json\/wp\/v2\/comments?post=29"}],"version-history":[{"count":5,"href":"https:\/\/staging.tv2000.it\/docfilm\/wp-json\/wp\/v2\/pages\/29\/revisions"}],"predecessor-version":[{"id":227371,"href":"https:\/\/staging.tv2000.it\/docfilm\/wp-json\/wp\/v2\/pages\/29\/revisions\/227371"}],"wp:attachment":[{"href":"https:\/\/staging.tv2000.it\/docfilm\/wp-json\/wp\/v2\/media?parent=29"}],"curies":[{"name":"wp","href":"https:\/\/api.w.org\/{rel}","templated":true}]}}