{"id":32,"date":"2021-11-23T15:08:21","date_gmt":"2021-11-23T14:08:21","guid":{"rendered":"http:\/\/staging.tv2000.it\/canonico\/?page_id=32"},"modified":"2023-04-28T16:50:11","modified_gmt":"2023-04-28T14:50:11","slug":"i-personaggi","status":"publish","type":"page","link":"https:\/\/staging.tv2000.it\/canonico\/i-personaggi\/","title":{"rendered":"I personaggi"},"content":{"rendered":"<p><strong>I nuovi personaggi della stagione 2<\/strong><\/p>\n<p>&nbsp;<\/p>\n<p><strong>ARMANDO (Lorenzo Balducci)<\/strong><\/p>\n<p><img class=\"alignleft wp-image-1085\" src=\"https:\/\/staging.tv2000.it\/canonico\/wp-content\/uploads\/sites\/70\/2023\/04\/Canonico-2-Persdonaggi-Lorenzo-Balducci-1.png\" alt=\"\" width=\"220\" height=\"220\" srcset=\"https:\/\/staging.tv2000.it\/canonico\/wp-content\/uploads\/sites\/70\/2023\/04\/Canonico-2-Persdonaggi-Lorenzo-Balducci-1.png 280w, https:\/\/staging.tv2000.it\/canonico\/wp-content\/uploads\/sites\/70\/2023\/04\/Canonico-2-Persdonaggi-Lorenzo-Balducci-1-150x150.png 150w, https:\/\/staging.tv2000.it\/canonico\/wp-content\/uploads\/sites\/70\/2023\/04\/Canonico-2-Persdonaggi-Lorenzo-Balducci-1-27x27.png 27w, https:\/\/staging.tv2000.it\/canonico\/wp-content\/uploads\/sites\/70\/2023\/04\/Canonico-2-Persdonaggi-Lorenzo-Balducci-1-188x188.png 188w\" sizes=\"(max-width: 220px) 100vw, 220px\" \/>Armando, 42 anni, classe 1980, diplomato perito agrario, a 19 anni decide di fare la carriera militare. Tra le sue esperienze ci sono Kosovo, Iraq e nel 2001 Afghanistan, come paracadutista della Brigata Folgore. In Afghanistan nel 2009 inizia a pensare di smettere con quella vita. Paradossalmente, \u00e8 proprio guardando le distese di campi di papaveri, da cui la popolazione locale ricava l&#8217;oppio, che Armando pensa a suo padre che non ha mai smesso di coltivare nella sua cooperativa vicino Rocca Spera, la sua vera casa. Durante la missione viene ferito, decide di lasciare la carriera militare perch\u00e9 non ne pu\u00f2 pi\u00f9 delle armi, della guerra, dei morti, del dolore. Desidera solo un po&#8217; di pace nella valle dov&#8217;\u00e8 nato, anche se l&#8217;incubo della guerra e l&#8217;idea della morte non lo abbandonano mai.<br \/>\nTorna quindi alla sua prima passione, l&#8217;agricoltura, andando a lavorare nella cooperativa fondata da suo padre ed Erica. Poco dopo il suo ritorno, il padre Lorenzo muore e presto purtroppo la cooperativa viene indagata per i grossi debiti accumulati. L\u2019intera famiglia di Armando ne viene coinvolta<\/p>\n<p>&nbsp;<\/p>\n<p>&nbsp;<\/p>\n<p style=\"text-align: right;\"><strong>ERICA (Lucianna De Falco)<\/strong><\/p>\n<p style=\"text-align: left;\"><img class=\"alignright wp-image-1086\" src=\"https:\/\/staging.tv2000.it\/canonico\/wp-content\/uploads\/sites\/70\/2023\/04\/Canonico-2-Personaggi-Lucianna-De-Falco.png\" alt=\"\" width=\"220\" height=\"220\" srcset=\"https:\/\/staging.tv2000.it\/canonico\/wp-content\/uploads\/sites\/70\/2023\/04\/Canonico-2-Personaggi-Lucianna-De-Falco.png 280w, https:\/\/staging.tv2000.it\/canonico\/wp-content\/uploads\/sites\/70\/2023\/04\/Canonico-2-Personaggi-Lucianna-De-Falco-150x150.png 150w, https:\/\/staging.tv2000.it\/canonico\/wp-content\/uploads\/sites\/70\/2023\/04\/Canonico-2-Personaggi-Lucianna-De-Falco-27x27.png 27w, https:\/\/staging.tv2000.it\/canonico\/wp-content\/uploads\/sites\/70\/2023\/04\/Canonico-2-Personaggi-Lucianna-De-Falco-188x188.png 188w\" sizes=\"(max-width: 220px) 100vw, 220px\" \/>Una tipa senza peli sulla lingua sempre pronta ad attaccarsi con tutti, sempre pronta a farsi rispettare: \u201cle cose si fanno come dico io\u201d. Questo suo caratterino a volte inopportuno le ha creato non poche difficolta\u0300 nella vita. Prima fra tutte le ha fatto mandare all\u2019aria la sua carriera politica; Erica era infatti un astro nascente della destra italiana, un cavallo di razza che dalla piccola valle dove era nata si era trasferita a Roma, dov\u2019era rimasta per anni. Dopo alcune vicende poco chiare e\u0300 stata fatta fuori dalla scena nazionale, ritornata al suo paese natio ha ripreso a fare politica in maniera locale.<\/p>\n<p>&nbsp;<\/p>\n<p>&nbsp;<\/p>\n<p>&nbsp;<\/p>\n<p><strong>VITTORIO (Ettore Nigro)<\/strong><\/p>\n<p><img class=\"alignleft wp-image-1088\" src=\"https:\/\/staging.tv2000.it\/canonico\/wp-content\/uploads\/sites\/70\/2023\/04\/Canonico-2-Personaggi-Ettore-Nigro.png\" alt=\"\" width=\"220\" height=\"220\" srcset=\"https:\/\/staging.tv2000.it\/canonico\/wp-content\/uploads\/sites\/70\/2023\/04\/Canonico-2-Personaggi-Ettore-Nigro.png 280w, https:\/\/staging.tv2000.it\/canonico\/wp-content\/uploads\/sites\/70\/2023\/04\/Canonico-2-Personaggi-Ettore-Nigro-150x150.png 150w, https:\/\/staging.tv2000.it\/canonico\/wp-content\/uploads\/sites\/70\/2023\/04\/Canonico-2-Personaggi-Ettore-Nigro-27x27.png 27w, https:\/\/staging.tv2000.it\/canonico\/wp-content\/uploads\/sites\/70\/2023\/04\/Canonico-2-Personaggi-Ettore-Nigro-188x188.png 188w\" sizes=\"(max-width: 220px) 100vw, 220px\" \/>Vittorio, ex di Angela e padre di Nicola. Carismatico, maledetto, affascinante e racconta di avere da parte un bel gruzzoletto guadagnato con il lavoro in Germania, al quale mancherebbe una piccola cifra necessaria per fare un investimento. Vuole acquistare un bar vicino Rocca Spera e trasferirsi definitivamente li\u0300.<br \/>\n&nbsp;<\/p>\n<p>&nbsp;<\/p>\n<p>&nbsp;<\/p>\n<p>&nbsp;<\/p>\n<p>&nbsp;<\/p>\n<p style=\"text-align: right;\"><strong>NICOLA (Leonardo Pistella)<\/strong><\/p>\n<p><img class=\"alignright size-full wp-image-1457\" src=\"https:\/\/staging.tv2000.it\/canonico\/wp-content\/uploads\/sites\/70\/2023\/04\/leonardo-pistella-canonico-2.jpg\" alt=\"\" width=\"280\" height=\"280\" srcset=\"https:\/\/staging.tv2000.it\/canonico\/wp-content\/uploads\/sites\/70\/2023\/04\/leonardo-pistella-canonico-2.jpg 280w, https:\/\/staging.tv2000.it\/canonico\/wp-content\/uploads\/sites\/70\/2023\/04\/leonardo-pistella-canonico-2-150x150.jpg 150w, https:\/\/staging.tv2000.it\/canonico\/wp-content\/uploads\/sites\/70\/2023\/04\/leonardo-pistella-canonico-2-27x27.jpg 27w, https:\/\/staging.tv2000.it\/canonico\/wp-content\/uploads\/sites\/70\/2023\/04\/leonardo-pistella-canonico-2-188x188.jpg 188w\" sizes=\"(max-width: 280px) 100vw, 280px\" \/>L\u2019arrivo di Nicola (figlio della perpetua Angela) in canonica corrisponde quasi al periodo totale di assenza di Dario, che e\u0300 rimasto un mese in piu\u0300 a Barcellona. tale assenza fa vacillare Alice<\/p>\n<p>&nbsp;<\/p>\n<p>&nbsp;<\/p>\n<p>&nbsp;<\/p>\n<p>&nbsp;<\/p>\n<p>&nbsp;<\/p>\n<p>&nbsp;<br \/>\n<strong>FULVIO (Pietro De Silva)<\/strong><\/p>\n<p><img class=\"alignleft size-full wp-image-1455\" src=\"https:\/\/staging.tv2000.it\/canonico\/wp-content\/uploads\/sites\/70\/2023\/04\/pietro-de-silva-canonico-2.jpg\" alt=\"\" width=\"280\" height=\"280\" srcset=\"https:\/\/staging.tv2000.it\/canonico\/wp-content\/uploads\/sites\/70\/2023\/04\/pietro-de-silva-canonico-2.jpg 280w, https:\/\/staging.tv2000.it\/canonico\/wp-content\/uploads\/sites\/70\/2023\/04\/pietro-de-silva-canonico-2-150x150.jpg 150w, https:\/\/staging.tv2000.it\/canonico\/wp-content\/uploads\/sites\/70\/2023\/04\/pietro-de-silva-canonico-2-27x27.jpg 27w, https:\/\/staging.tv2000.it\/canonico\/wp-content\/uploads\/sites\/70\/2023\/04\/pietro-de-silva-canonico-2-188x188.jpg 188w\" sizes=\"(max-width: 280px) 100vw, 280px\" \/>Il barbiere del paese, un tipo \u201cvecchia scuola\u201d grande lavoratore, dai valori forti<\/p>\n<p>&nbsp;<\/p>\n<p>&nbsp;<\/p>\n<p>&nbsp;<\/p>\n<p>&nbsp;<\/p>\n<p>&nbsp;<\/p>\n<p>&nbsp;<\/p>\n<p>&nbsp;<\/p>\n<p style=\"text-align: right;\"><strong>GLORIA (Morgana Giovannetti) <\/strong><\/p>\n<p><img class=\"alignright size-full wp-image-1456\" src=\"https:\/\/staging.tv2000.it\/canonico\/wp-content\/uploads\/sites\/70\/2023\/04\/morgana-giovannetti-canonico-2.jpg\" alt=\"\" width=\"280\" height=\"280\" srcset=\"https:\/\/staging.tv2000.it\/canonico\/wp-content\/uploads\/sites\/70\/2023\/04\/morgana-giovannetti-canonico-2.jpg 280w, https:\/\/staging.tv2000.it\/canonico\/wp-content\/uploads\/sites\/70\/2023\/04\/morgana-giovannetti-canonico-2-150x150.jpg 150w, https:\/\/staging.tv2000.it\/canonico\/wp-content\/uploads\/sites\/70\/2023\/04\/morgana-giovannetti-canonico-2-27x27.jpg 27w, https:\/\/staging.tv2000.it\/canonico\/wp-content\/uploads\/sites\/70\/2023\/04\/morgana-giovannetti-canonico-2-188x188.jpg 188w\" sizes=\"(max-width: 280px) 100vw, 280px\" \/>La barista del paese, punto di riferimento di molti , giovani e meno giovani passano il tempo l\u00ec.&nbsp;<\/p>\n<p>&nbsp;<\/p>\n<p>&nbsp;<\/p>\n<p>&nbsp;<\/p>\n<p>&nbsp;<\/p>\n<p>&nbsp;<\/p>\n<p><strong>PASQUALE (Mario Barletta)<br \/>\n<\/strong><br \/>\nPasquale \u00e8 il tutto fare del Comune di Rocca Spera, di conseguenza si presenta come un fedele alleato di Erica.<br \/>\nCome confermato da lui stesso, nella vita lui ha fatto solo quel mestiere, perci\u00f2 risulta un personaggio molto \u201cinquadrato\u201d nelle dinamiche classiche di un servizio amministrativo come quello dove lavora, con tutti i pro e i contro del caso e relative situazioni tragicomiche.<\/p>\n<p>&nbsp;<\/p>\n<p><strong>Tutti gli altri personaggi&nbsp;<\/strong><\/p>\n<p style=\"text-align: right;\"><strong>BRUNO (Federico Perrotta)<\/strong><br \/>\nBruno Mariotti, \u00e8 la mente pratica della parrocchia, rappresenta l\u2019ingranaggio fondamentale che serve a far funzionare le cose in modo virtuoso, per far tornare i conti e per gestire tutti gli aspetti<img class=\"alignright wp-image-44\" src=\"https:\/\/staging.tv2000.it\/canonico\/wp-content\/uploads\/sites\/70\/2021\/11\/Bruno-Federico-Perrotta-300x300.jpg\" alt=\"\" width=\"220\" height=\"220\" srcset=\"https:\/\/staging.tv2000.it\/canonico\/wp-content\/uploads\/sites\/70\/2021\/11\/Bruno-Federico-Perrotta-300x300.jpg 300w, https:\/\/staging.tv2000.it\/canonico\/wp-content\/uploads\/sites\/70\/2021\/11\/Bruno-Federico-Perrotta-150x150.jpg 150w, https:\/\/staging.tv2000.it\/canonico\/wp-content\/uploads\/sites\/70\/2021\/11\/Bruno-Federico-Perrotta-27x27.jpg 27w, https:\/\/staging.tv2000.it\/canonico\/wp-content\/uploads\/sites\/70\/2021\/11\/Bruno-Federico-Perrotta-280x280.jpg 280w, https:\/\/staging.tv2000.it\/canonico\/wp-content\/uploads\/sites\/70\/2021\/11\/Bruno-Federico-Perrotta-188x188.jpg 188w, https:\/\/staging.tv2000.it\/canonico\/wp-content\/uploads\/sites\/70\/2021\/11\/Bruno-Federico-Perrotta.jpg 434w\" sizes=\"(max-width: 220px) 100vw, 220px\" \/> della logistica quotidiana.<br \/>\nNonostante alcune diversit\u00e0 di approccio e di carattere, crea progressivamente con don Michele una grande empatia. Bruno \u00e8 una \u00e8 una persona gentile, leale, intelligente e dotata di una grande fede; perci\u00f2 riconosce immediatamente nel nuovo parroco una figura innovatrice ma allo stesso tempo rispettosa della tradizione.<\/p>\n<p><strong>GIANLUCA (Andrea D\u2019Andreagiovanni)<\/strong><br \/>\n<img class=\"alignleft wp-image-43\" src=\"https:\/\/staging.tv2000.it\/canonico\/wp-content\/uploads\/sites\/70\/2021\/11\/Gianluca-Andrea-Dandreagiovanni-300x300.jpg\" alt=\"\" width=\"220\" height=\"220\" srcset=\"https:\/\/staging.tv2000.it\/canonico\/wp-content\/uploads\/sites\/70\/2021\/11\/Gianluca-Andrea-Dandreagiovanni-300x300.jpg 300w, https:\/\/staging.tv2000.it\/canonico\/wp-content\/uploads\/sites\/70\/2021\/11\/Gianluca-Andrea-Dandreagiovanni-150x150.jpg 150w, https:\/\/staging.tv2000.it\/canonico\/wp-content\/uploads\/sites\/70\/2021\/11\/Gianluca-Andrea-Dandreagiovanni-27x27.jpg 27w, https:\/\/staging.tv2000.it\/canonico\/wp-content\/uploads\/sites\/70\/2021\/11\/Gianluca-Andrea-Dandreagiovanni-280x280.jpg 280w, https:\/\/staging.tv2000.it\/canonico\/wp-content\/uploads\/sites\/70\/2021\/11\/Gianluca-Andrea-Dandreagiovanni-188x188.jpg 188w, https:\/\/staging.tv2000.it\/canonico\/wp-content\/uploads\/sites\/70\/2021\/11\/Gianluca-Andrea-Dandreagiovanni.jpg 434w\" sizes=\"(max-width: 220px) 100vw, 220px\" \/>Gianluca ha trentacinque anni, ma per certi versi ne dimostra meno, perch\u00e9 nelle fattezze un po\u2019 curiose di un uomo adulto si nasconde un animo da bambino.<br \/>\nGianluca ha la sindrome di asperger e questo fa di lui una persona creativa, geniale, spiazzante alla continua ricerca di una sua strada, sia nel lavoro sia nella vita sociale.<br \/>\nGrazie alla sua simpatia (ha delle battute pronte e fulminanti, a volte involontarie, a volte fintamente tali) e alla sua disponibilit\u00e0, \u00e8 amato praticamente da tutto il paese.<br \/>\nE poi \u00e8 curioso e amante delle novit\u00e0.<br \/>\nE quale novit\u00e0 pi\u00f9 eclatante dell\u2019arrivo in paese del nuovo parroco? Soprattutto se \u00e8 un parroco svelto e aperto al mondo, un po\u2019 come lui. Don Michele trova in lui un interlocutore imprevedibile e a tal punto affine da essere perfetto come suo sacrestano. Le sue considerazioni apparentemente ingenue sono in realt\u00e0 molto sensate e diventano di grande aiuto per il parroco quando \u00e8 necessario un punto di vista diverso.<\/p>\n<p style=\"text-align: right;\"><strong>DON MANOLO (Federico Lima Roque)<\/strong><br \/>\nDon Manolo \u00e8 l&#8217;integrazione, simbolo di una societ\u00e0 plurima e multiculturale tenuta unita dal concetto di fede universale. Ha trent&#8217;anni e nel suo clergyman impeccabile, nel capello impomatato e<img class=\"alignright wp-image-42\" src=\"https:\/\/staging.tv2000.it\/canonico\/wp-content\/uploads\/sites\/70\/2021\/11\/Don-Manolo-Federico-Lima-Roque-300x300.jpg\" alt=\"\" width=\"220\" height=\"220\" srcset=\"https:\/\/staging.tv2000.it\/canonico\/wp-content\/uploads\/sites\/70\/2021\/11\/Don-Manolo-Federico-Lima-Roque-300x300.jpg 300w, https:\/\/staging.tv2000.it\/canonico\/wp-content\/uploads\/sites\/70\/2021\/11\/Don-Manolo-Federico-Lima-Roque-150x150.jpg 150w, https:\/\/staging.tv2000.it\/canonico\/wp-content\/uploads\/sites\/70\/2021\/11\/Don-Manolo-Federico-Lima-Roque-27x27.jpg 27w, https:\/\/staging.tv2000.it\/canonico\/wp-content\/uploads\/sites\/70\/2021\/11\/Don-Manolo-Federico-Lima-Roque-280x280.jpg 280w, https:\/\/staging.tv2000.it\/canonico\/wp-content\/uploads\/sites\/70\/2021\/11\/Don-Manolo-Federico-Lima-Roque-188x188.jpg 188w, https:\/\/staging.tv2000.it\/canonico\/wp-content\/uploads\/sites\/70\/2021\/11\/Don-Manolo-Federico-Lima-Roque.jpg 434w\" sizes=\"(max-width: 220px) 100vw, 220px\" \/> stirato, nelle guance sbarbate e gioviali si ritrovano le sue origini africane. \u00c8 in Italia dal periodo degli studi e dal modo in cui parla il nuovo radicamento \u00e8 evidente. Sempre con la battuta pronta, ha un carattere forte e un lato imprevedibile: l\u2019amore per il karaoke e per la musica in generale.<\/p>\n<p><strong>IRENE (Elisabetta Mandalari)<\/strong><br \/>\n<img class=\"alignleft wp-image-41\" src=\"https:\/\/staging.tv2000.it\/canonico\/wp-content\/uploads\/sites\/70\/2021\/11\/Irene-Elisabetta-Mandalari-300x300.jpg\" alt=\"\" width=\"220\" height=\"220\" srcset=\"https:\/\/staging.tv2000.it\/canonico\/wp-content\/uploads\/sites\/70\/2021\/11\/Irene-Elisabetta-Mandalari-300x300.jpg 300w, https:\/\/staging.tv2000.it\/canonico\/wp-content\/uploads\/sites\/70\/2021\/11\/Irene-Elisabetta-Mandalari-150x150.jpg 150w, https:\/\/staging.tv2000.it\/canonico\/wp-content\/uploads\/sites\/70\/2021\/11\/Irene-Elisabetta-Mandalari-27x27.jpg 27w, https:\/\/staging.tv2000.it\/canonico\/wp-content\/uploads\/sites\/70\/2021\/11\/Irene-Elisabetta-Mandalari-280x280.jpg 280w, https:\/\/staging.tv2000.it\/canonico\/wp-content\/uploads\/sites\/70\/2021\/11\/Irene-Elisabetta-Mandalari-188x188.jpg 188w, https:\/\/staging.tv2000.it\/canonico\/wp-content\/uploads\/sites\/70\/2021\/11\/Irene-Elisabetta-Mandalari.jpg 434w\" sizes=\"(max-width: 220px) 100vw, 220px\" \/>Irene \u00e8 razionale, logica e ama scavare a fondo nelle cose, soprattutto in quelle che non sa spiegarsi. Rappresenta la ragione e la scienza all\u2019interno della serie.<br \/>\nDon Michele insinua in Irene il dubbio\u2026 e se dietro quel cielo stellato ci fosse un disegno pi\u00f9 grande?<br \/>\nEssendo il medico del paese, Irene conosce tutto e tutti, e tutti la conoscono e si fidano dei suoi giudizi, o almeno quasi tutti.<br \/>\nDiventa presto un&#8217;amica fidata per don Michele e una confidente preziosa. La sua conoscenza profonda dei cittadini aiuta il Don (lo chiama cos\u00ec) a orientarsi tra i suoi fedeli e a farsi un&#8217;idea anche dei cittadini che in chiesa non vanno pi\u00f9 o non sono mai andati. L&#8217;amicizia tra Irene e don Michele si fonda sulla stima e il rispetto reciproco, un&#8217;amicizia capace di far indossare a ciascuno le vesti dell&#8217;altro e comprenderne il punto di vista.<\/p>\n<p style=\"text-align: right;\"><strong>ANGELA (Mariateresa Pascale)<\/strong><br \/>\n\u00c8 la \u201cMaddalena\u201d, una donna che quando da ragazza madre si \u00e8 trovata da sola e in difficolt\u00e0 ha sbagliato perch\u00e9 ha conosciuto soltanto una via, l\u2019unica che<img class=\"alignright wp-image-40\" src=\"https:\/\/staging.tv2000.it\/canonico\/wp-content\/uploads\/sites\/70\/2021\/11\/Angela-Mariateresa-Pascale-300x300.jpg\" alt=\"\" width=\"220\" height=\"220\" srcset=\"https:\/\/staging.tv2000.it\/canonico\/wp-content\/uploads\/sites\/70\/2021\/11\/Angela-Mariateresa-Pascale-300x300.jpg 300w, https:\/\/staging.tv2000.it\/canonico\/wp-content\/uploads\/sites\/70\/2021\/11\/Angela-Mariateresa-Pascale-150x150.jpg 150w, https:\/\/staging.tv2000.it\/canonico\/wp-content\/uploads\/sites\/70\/2021\/11\/Angela-Mariateresa-Pascale-27x27.jpg 27w, https:\/\/staging.tv2000.it\/canonico\/wp-content\/uploads\/sites\/70\/2021\/11\/Angela-Mariateresa-Pascale-280x280.jpg 280w, https:\/\/staging.tv2000.it\/canonico\/wp-content\/uploads\/sites\/70\/2021\/11\/Angela-Mariateresa-Pascale-188x188.jpg 188w, https:\/\/staging.tv2000.it\/canonico\/wp-content\/uploads\/sites\/70\/2021\/11\/Angela-Mariateresa-Pascale.jpg 434w\" sizes=\"(max-width: 220px) 100vw, 220px\" \/> pensava fosse percorribile.<br \/>\nHa avuto un figlio a 16 anni da Alfredo, un uomo pi\u00f9 grande di cui era perdutamente innamorata da ragazzina. All\u2019epoca i suoi genitori volevano che interrompesse la gravidanza, ma Angela tiene il bambino. Alfredo lo riconosce ma va via e lo lascia ad Angela, che cresce Nicola da sola tirando a campare, anche con furtarelli e fidandosi delle persone sbagliate, errori che le costano anche il carcere. Un giorno Angela entra in chiesa, accende una candela alla Madonnina, prova a pregare ma non ci riesce, seduta su una panca si abbandona a un pianto senza consolazione. Cos\u00ec conosce don Michele.<\/p>\n<p><strong>ALICE (Eugenia Bardanzellu)<\/strong><br \/>\n<img class=\"alignleft wp-image-39\" src=\"https:\/\/staging.tv2000.it\/canonico\/wp-content\/uploads\/sites\/70\/2021\/11\/Alice-Eugenia-Bardanzellu-300x300.jpg\" alt=\"\" width=\"220\" height=\"220\" srcset=\"https:\/\/staging.tv2000.it\/canonico\/wp-content\/uploads\/sites\/70\/2021\/11\/Alice-Eugenia-Bardanzellu-300x300.jpg 300w, https:\/\/staging.tv2000.it\/canonico\/wp-content\/uploads\/sites\/70\/2021\/11\/Alice-Eugenia-Bardanzellu-150x150.jpg 150w, https:\/\/staging.tv2000.it\/canonico\/wp-content\/uploads\/sites\/70\/2021\/11\/Alice-Eugenia-Bardanzellu-27x27.jpg 27w, https:\/\/staging.tv2000.it\/canonico\/wp-content\/uploads\/sites\/70\/2021\/11\/Alice-Eugenia-Bardanzellu-280x280.jpg 280w, https:\/\/staging.tv2000.it\/canonico\/wp-content\/uploads\/sites\/70\/2021\/11\/Alice-Eugenia-Bardanzellu-188x188.jpg 188w, https:\/\/staging.tv2000.it\/canonico\/wp-content\/uploads\/sites\/70\/2021\/11\/Alice-Eugenia-Bardanzellu.jpg 434w\" sizes=\"(max-width: 220px) 100vw, 220px\" \/>Alice rappresenta l&#8217;entusiasmo e la freschezza della giovent\u00f9, ma soprattutto il mondo contemporaneo e social che si introduce in chiesa con propri codici e linguaggio. Ha 19 anni appena compiuti ed \u00e8 carina, simpatica e socievole. \u00c8 la nipote di don Michele che, finito il liceo, si \u00e8 iscritta all\u2019universit\u00e0 nella provincia a cui \u00e8 stato assegnato lo zio. Non che Alice morisse dalla voglia di seguire lo zio prete e di fare la \u201cfuori sede\u201d vivendo in parrocchia, anzi. Il suo sogno semmai era dividere un appartamento in una grande citt\u00e0 con coinquiline simpatiche. Ma i suoi genitori non le hanno lasciato scelta.<\/p>\n<p style=\"text-align: right;\"><strong>DARIO (Alessandro La Ginestra)<\/strong><br \/>\nDario \u00e8 un ragazzo sportivo fondamentalmente un buono, tende a fidarsi delle persone, un po\u2019 per indole un po\u2019 per sue insicurezze.<img class=\"alignright wp-image-38\" src=\"https:\/\/staging.tv2000.it\/canonico\/wp-content\/uploads\/sites\/70\/2021\/11\/Dario-Alessandro-La-Ginestra-300x300.jpg\" alt=\"\" width=\"220\" height=\"220\" srcset=\"https:\/\/staging.tv2000.it\/canonico\/wp-content\/uploads\/sites\/70\/2021\/11\/Dario-Alessandro-La-Ginestra-300x300.jpg 300w, https:\/\/staging.tv2000.it\/canonico\/wp-content\/uploads\/sites\/70\/2021\/11\/Dario-Alessandro-La-Ginestra-150x150.jpg 150w, https:\/\/staging.tv2000.it\/canonico\/wp-content\/uploads\/sites\/70\/2021\/11\/Dario-Alessandro-La-Ginestra-27x27.jpg 27w, https:\/\/staging.tv2000.it\/canonico\/wp-content\/uploads\/sites\/70\/2021\/11\/Dario-Alessandro-La-Ginestra-280x280.jpg 280w, https:\/\/staging.tv2000.it\/canonico\/wp-content\/uploads\/sites\/70\/2021\/11\/Dario-Alessandro-La-Ginestra-188x188.jpg 188w, https:\/\/staging.tv2000.it\/canonico\/wp-content\/uploads\/sites\/70\/2021\/11\/Dario-Alessandro-La-Ginestra.jpg 434w\" sizes=\"(max-width: 220px) 100vw, 220px\" \/><br \/>\nAlla chiamata di don Michele, che si appella ai giovani, Dario \u00e8 fra i pochi a rispondere; forse il richiamo di una fede che sente dentro di s\u00e9 ma che mai \u00e8 stata stimolata.<br \/>\nIl fisico sportivo e il volto pulito suscitano l\u2019interesse delle ragazzine del cortile, ma la sua risposta alle attenzioni \u00e8 sempre sfuggente. Sembra un ragazzo sfrontato, ma non lo \u00e8; e forse la ragazza che cerca non \u00e8 fra quelle finora incontrate.<\/p>\n<p><strong>VESCOVO VALERI (Fabio Ferrari)<\/strong><br \/>\n<img class=\"alignleft wp-image-37\" src=\"https:\/\/staging.tv2000.it\/canonico\/wp-content\/uploads\/sites\/70\/2021\/11\/Vescovo-Valeri-Fabio-Ferrari-300x300.jpg\" alt=\"\" width=\"220\" height=\"220\" srcset=\"https:\/\/staging.tv2000.it\/canonico\/wp-content\/uploads\/sites\/70\/2021\/11\/Vescovo-Valeri-Fabio-Ferrari-300x300.jpg 300w, https:\/\/staging.tv2000.it\/canonico\/wp-content\/uploads\/sites\/70\/2021\/11\/Vescovo-Valeri-Fabio-Ferrari-150x150.jpg 150w, https:\/\/staging.tv2000.it\/canonico\/wp-content\/uploads\/sites\/70\/2021\/11\/Vescovo-Valeri-Fabio-Ferrari-27x27.jpg 27w, https:\/\/staging.tv2000.it\/canonico\/wp-content\/uploads\/sites\/70\/2021\/11\/Vescovo-Valeri-Fabio-Ferrari-280x280.jpg 280w, https:\/\/staging.tv2000.it\/canonico\/wp-content\/uploads\/sites\/70\/2021\/11\/Vescovo-Valeri-Fabio-Ferrari-188x188.jpg 188w, https:\/\/staging.tv2000.it\/canonico\/wp-content\/uploads\/sites\/70\/2021\/11\/Vescovo-Valeri-Fabio-Ferrari.jpg 434w\" sizes=\"(max-width: 220px) 100vw, 220px\" \/>Rappresenta la Chiesa con la C maiuscola, con i suoi precetti e le sue regole, ma anche con le sue aperture. Un diretto superiore con cui don Michele instaura un rapporto ambivalente: di scontro e di complicit\u00e0. Persona dotata di grande cultura, Valeri si scontrer\u00e0 spesso con Michele in quanto il rispetto delle regole, per il Vescovo, \u00e8 l\u2019unica via per seguire la parola di Dio.<br \/>\nMa \u00e8 una personalit\u00e0 complessa e imprevedibile, poich\u00e9 spesso spiazza il suo interlocutore con decisioni inaspettate, che a volte contraddicono il suo modo di essere o i suoi principi: \u00e8 il suo aspetto pi\u00f9 \u201cartistico\u201d.<br \/>\nNonostante la carica, ama la vita semplice. Non a caso dona puntualmente quello che guadagna, tenendo per s\u00e9 solo una minima parte del suo stipendio.<\/p>\n","protected":false},"excerpt":{"rendered":"I nuovi personaggi della stagione 2 &nbsp; ARMANDO (Lorenzo Balducci) Armando, 42 anni, classe 1980, diplomato perito agrario, a 19 anni decide di fare la carriera militare. Tra le sue esperienze ci sono Kosovo, Iraq e nel 2001 Afghanistan, come paracadutista della Brigata Folgore. In Afghanistan nel 2009 inizia a pensare di smettere con quella [&hellip;]","protected":false},"author":6,"featured_media":0,"parent":0,"menu_order":0,"comment_status":"closed","ping_status":"closed","template":"","meta":[],"acf":[],"aioseo_notices":[],"_links":{"self":[{"href":"https:\/\/staging.tv2000.it\/canonico\/wp-json\/wp\/v2\/pages\/32"}],"collection":[{"href":"https:\/\/staging.tv2000.it\/canonico\/wp-json\/wp\/v2\/pages"}],"about":[{"href":"https:\/\/staging.tv2000.it\/canonico\/wp-json\/wp\/v2\/types\/page"}],"author":[{"embeddable":true,"href":"https:\/\/staging.tv2000.it\/canonico\/wp-json\/wp\/v2\/users\/6"}],"replies":[{"embeddable":true,"href":"https:\/\/staging.tv2000.it\/canonico\/wp-json\/wp\/v2\/comments?post=32"}],"version-history":[{"count":7,"href":"https:\/\/staging.tv2000.it\/canonico\/wp-json\/wp\/v2\/pages\/32\/revisions"}],"predecessor-version":[{"id":1458,"href":"https:\/\/staging.tv2000.it\/canonico\/wp-json\/wp\/v2\/pages\/32\/revisions\/1458"}],"wp:attachment":[{"href":"https:\/\/staging.tv2000.it\/canonico\/wp-json\/wp\/v2\/media?parent=32"}],"curies":[{"name":"wp","href":"https:\/\/api.w.org\/{rel}","templated":true}]}}